{"id":19,"date":"2019-03-15T00:29:48","date_gmt":"2019-03-15T00:29:48","guid":{"rendered":"https:\/\/jeaninemabunda.com\/?page_id=19"},"modified":"2022-10-04T20:56:18","modified_gmt":"2022-10-04T20:56:18","slug":"advocacy","status":"publish","type":"page","link":"https:\/\/jeaninemabunda.com\/fr\/advocacy\/","title":{"rendered":"Advocacy \/ Philanthropie"},"content":{"rendered":"<div data-elementor-type=\"wp-page\" data-elementor-id=\"19\" class=\"elementor elementor-19\" data-elementor-post-type=\"page\">\n\t\t\t\t\t\t<section data-dce-background-color=\"#00000000\" data-dce-background-overlay-color=\"#000000\" class=\"elementor-section elementor-top-section elementor-element elementor-element-b4837fc elementor-section-full_width elementor-section-height-min-height elementor-section-items-stretch elementor-section-content-space-between elementor-section-stretched elementor-section-height-default\" data-id=\"b4837fc\" data-element_type=\"section\" data-e-type=\"section\" data-settings=\"{&quot;background_background&quot;:&quot;classic&quot;,&quot;stretch_section&quot;:&quot;section-stretched&quot;}\">\n\t\t\t\t\t\t\t<div class=\"elementor-background-overlay\"><\/div>\n\t\t\t\t\t\t\t<div class=\"elementor-container elementor-column-gap-default\">\n\t\t\t\t\t<div class=\"elementor-column elementor-col-100 elementor-top-column elementor-element elementor-element-3604d0b\" data-id=\"3604d0b\" data-element_type=\"column\" data-e-type=\"column\">\n\t\t\t<div class=\"elementor-widget-wrap elementor-element-populated\">\n\t\t\t\t\t\t<section class=\"elementor-section elementor-inner-section elementor-element elementor-element-e5ef7cc elementor-section-boxed elementor-section-height-default elementor-section-height-default\" data-id=\"e5ef7cc\" data-element_type=\"section\" data-e-type=\"section\">\n\t\t\t\t\t\t<div class=\"elementor-container elementor-column-gap-default\">\n\t\t\t\t\t<div class=\"elementor-column elementor-col-100 elementor-inner-column elementor-element elementor-element-edb0167\" data-id=\"edb0167\" data-element_type=\"column\" data-e-type=\"column\">\n\t\t\t<div class=\"elementor-widget-wrap elementor-element-populated\">\n\t\t\t\t\t\t<div data-dce-title-color=\"#FFFFFF\" class=\"elementor-element elementor-element-7741c4f animated-fast elementor-invisible elementor-widget elementor-widget-theme-post-title elementor-page-title elementor-widget-heading\" data-id=\"7741c4f\" data-element_type=\"widget\" data-e-type=\"widget\" data-settings=\"{&quot;_animation&quot;:&quot;fadeInDown&quot;}\" data-widget_type=\"theme-post-title.default\">\n\t\t\t\t<div class=\"elementor-widget-container\">\n\t\t\t\t\t<h1 class=\"elementor-heading-title elementor-size-default\">Advocacy \/ Philanthropie<\/h1>\t\t\t\t<\/div>\n\t\t\t\t<\/div>\n\t\t\t\t\t<\/div>\n\t\t<\/div>\n\t\t\t\t\t<\/div>\n\t\t<\/section>\n\t\t\t\t\t<\/div>\n\t\t<\/div>\n\t\t\t\t\t<\/div>\n\t\t<\/section>\n\t\t\t\t<section class=\"elementor-section elementor-top-section elementor-element elementor-element-3040c3f elementor-section-boxed elementor-section-height-default elementor-section-height-default elementor-invisible\" data-id=\"3040c3f\" data-element_type=\"section\" data-e-type=\"section\" data-settings=\"{&quot;animation&quot;:&quot;fadeIn&quot;}\">\n\t\t\t\t\t\t<div class=\"elementor-container elementor-column-gap-default\">\n\t\t\t\t\t<div class=\"elementor-column elementor-col-100 elementor-top-column elementor-element elementor-element-b8259a9\" data-id=\"b8259a9\" data-element_type=\"column\" data-e-type=\"column\">\n\t\t\t<div class=\"elementor-widget-wrap elementor-element-populated\">\n\t\t\t\t\t\t<div data-dce-text-color=\"#000000\" class=\"elementor-element elementor-element-8b37d34 elementor-widget-divider--view-line_text elementor-widget-divider--separator-type-pattern elementor-widget-divider--element-align-center elementor-widget elementor-widget-divider\" data-id=\"8b37d34\" data-element_type=\"widget\" data-e-type=\"widget\" data-widget_type=\"divider.default\">\n\t\t\t\t<div class=\"elementor-widget-container\">\n\t\t\t\t\t\t\t<div class=\"elementor-divider\" style=\"--divider-pattern-url: url(&quot;data:image\/svg+xml,%3Csvg xmlns=&#039;http:\/\/www.w3.org\/2000\/svg&#039; preserveAspectRatio=&#039;none&#039; overflow=&#039;visible&#039; height=&#039;100%&#039; viewBox=&#039;0 0 20 16&#039; fill=&#039;none&#039; stroke=&#039;black&#039; stroke-width=&#039;1&#039; stroke-linecap=&#039;square&#039; stroke-miterlimit=&#039;10&#039;%3E%3Cg transform=&#039;translate(-12.000000, 0)&#039;%3E%3Cpath d=&#039;M28,0L10,18&#039;\/%3E%3Cpath d=&#039;M18,0L0,18&#039;\/%3E%3Cpath d=&#039;M48,0L30,18&#039;\/%3E%3Cpath d=&#039;M38,0L20,18&#039;\/%3E%3C\/g%3E%3C\/svg%3E&quot;);\">\n\t\t\t<span class=\"elementor-divider-separator\">\n\t\t\t\t\t\t\t<span class=\"elementor-divider__text elementor-divider__element\">\n\t\t\t\tFondation \u2018Briser le silence\u2019\t\t\t\t<\/span>\n\t\t\t\t\t\t<\/span>\n\t\t<\/div>\n\t\t\t\t\t\t<\/div>\n\t\t\t\t<\/div>\n\t\t\t\t\t<\/div>\n\t\t<\/div>\n\t\t\t\t\t<\/div>\n\t\t<\/section>\n\t\t\t\t<section class=\"elementor-section elementor-top-section elementor-element elementor-element-9a86235 elementor-section-boxed elementor-section-height-default elementor-section-height-default elementor-invisible\" data-id=\"9a86235\" data-element_type=\"section\" data-e-type=\"section\" data-settings=\"{&quot;animation&quot;:&quot;fadeIn&quot;,&quot;background_background&quot;:&quot;classic&quot;}\">\n\t\t\t\t\t\t\t<div class=\"elementor-background-overlay\"><\/div>\n\t\t\t\t\t\t\t<div class=\"elementor-container elementor-column-gap-default\">\n\t\t\t\t\t<div class=\"elementor-column elementor-col-33 elementor-top-column elementor-element elementor-element-6a1ae2c\" data-id=\"6a1ae2c\" data-element_type=\"column\" data-e-type=\"column\">\n\t\t\t<div class=\"elementor-widget-wrap elementor-element-populated\">\n\t\t\t\t\t\t<section class=\"elementor-section elementor-inner-section elementor-element elementor-element-c397f06 elementor-section-boxed elementor-section-height-default elementor-section-height-default elementor-invisible\" data-id=\"c397f06\" data-element_type=\"section\" data-e-type=\"section\" data-settings=\"{&quot;animation&quot;:&quot;fadeIn&quot;}\">\n\t\t\t\t\t\t<div class=\"elementor-container elementor-column-gap-default\">\n\t\t\t\t\t<div data-dce-background-color=\"#FFFFFF\" class=\"elementor-column elementor-col-100 elementor-inner-column elementor-element elementor-element-793373a\" data-id=\"793373a\" data-element_type=\"column\" data-e-type=\"column\" data-settings=\"{&quot;background_background&quot;:&quot;classic&quot;}\">\n\t\t\t<div class=\"elementor-widget-wrap elementor-element-populated\">\n\t\t\t\t\t\t<div class=\"elementor-element elementor-element-eb04af4 elementor-widget elementor-widget-image\" data-id=\"eb04af4\" data-element_type=\"widget\" data-e-type=\"widget\" data-widget_type=\"image.default\">\n\t\t\t\t<div class=\"elementor-widget-container\">\n\t\t\t\t\t\t\t\t\t\t\t\t\t\t\t<img fetchpriority=\"high\" decoding=\"async\" width=\"800\" height=\"534\" src=\"https:\/\/jeaninemabunda.com\/wp-content\/uploads\/2021\/12\/Page_About-Image-4b-1024x683.jpg\" class=\"attachment-large size-large wp-image-1266\" alt=\"\" srcset=\"https:\/\/jeaninemabunda.com\/wp-content\/uploads\/2021\/12\/Page_About-Image-4b-1024x683.jpg 1024w, https:\/\/jeaninemabunda.com\/wp-content\/uploads\/2021\/12\/Page_About-Image-4b-300x200.jpg 300w, https:\/\/jeaninemabunda.com\/wp-content\/uploads\/2021\/12\/Page_About-Image-4b-768x512.jpg 768w, https:\/\/jeaninemabunda.com\/wp-content\/uploads\/2021\/12\/Page_About-Image-4b-18x12.jpg 18w, https:\/\/jeaninemabunda.com\/wp-content\/uploads\/2021\/12\/Page_About-Image-4b.jpg 1080w\" sizes=\"(max-width: 800px) 100vw, 800px\" \/>\t\t\t\t\t\t\t\t\t\t\t\t\t\t\t<\/div>\n\t\t\t\t<\/div>\n\t\t\t\t<div data-dce-text-color=\"#848484\" class=\"elementor-element elementor-element-c058ac7 elementor-widget elementor-widget-text-editor\" data-id=\"c058ac7\" data-element_type=\"widget\" data-e-type=\"widget\" data-widget_type=\"text-editor.default\">\n\t\t\t\t<div class=\"elementor-widget-container\">\n\t\t\t\t\t\t\t\t\tJeanine Mabunda lors de la f\u00eate de No\u00ebl 2019 \u00e0 l\u2019Assembl\u00e9e nationale.\t\t\t\t\t\t\t\t<\/div>\n\t\t\t\t<\/div>\n\t\t\t\t\t<\/div>\n\t\t<\/div>\n\t\t\t\t\t<\/div>\n\t\t<\/section>\n\t\t\t\t\t<\/div>\n\t\t<\/div>\n\t\t\t\t<div class=\"elementor-column elementor-col-33 elementor-top-column elementor-element elementor-element-4d08021\" data-id=\"4d08021\" data-element_type=\"column\" data-e-type=\"column\">\n\t\t\t<div class=\"elementor-widget-wrap elementor-element-populated\">\n\t\t\t\t\t\t<section class=\"elementor-section elementor-inner-section elementor-element elementor-element-202d315 elementor-section-boxed elementor-section-height-default elementor-section-height-default elementor-invisible\" data-id=\"202d315\" data-element_type=\"section\" data-e-type=\"section\" data-settings=\"{&quot;animation&quot;:&quot;fadeIn&quot;}\">\n\t\t\t\t\t\t<div class=\"elementor-container elementor-column-gap-default\">\n\t\t\t\t\t<div data-dce-background-color=\"#FFFFFF\" class=\"elementor-column elementor-col-100 elementor-inner-column elementor-element elementor-element-0be8acc\" data-id=\"0be8acc\" data-element_type=\"column\" data-e-type=\"column\" data-settings=\"{&quot;background_background&quot;:&quot;classic&quot;}\">\n\t\t\t<div class=\"elementor-widget-wrap elementor-element-populated\">\n\t\t\t\t\t\t<div class=\"elementor-element elementor-element-9abe87b elementor-widget elementor-widget-image\" data-id=\"9abe87b\" data-element_type=\"widget\" data-e-type=\"widget\" data-widget_type=\"image.default\">\n\t\t\t\t<div class=\"elementor-widget-container\">\n\t\t\t\t\t\t\t\t\t\t\t\t\t\t\t<img decoding=\"async\" width=\"800\" height=\"600\" src=\"https:\/\/jeaninemabunda.com\/wp-content\/uploads\/2021\/12\/Page_MP-Image-2.jpg\" class=\"attachment-large size-large wp-image-1269\" alt=\"\" srcset=\"https:\/\/jeaninemabunda.com\/wp-content\/uploads\/2021\/12\/Page_MP-Image-2.jpg 1024w, https:\/\/jeaninemabunda.com\/wp-content\/uploads\/2021\/12\/Page_MP-Image-2-300x225.jpg 300w, https:\/\/jeaninemabunda.com\/wp-content\/uploads\/2021\/12\/Page_MP-Image-2-768x576.jpg 768w, https:\/\/jeaninemabunda.com\/wp-content\/uploads\/2021\/12\/Page_MP-Image-2-16x12.jpg 16w\" sizes=\"(max-width: 800px) 100vw, 800px\" \/>\t\t\t\t\t\t\t\t\t\t\t\t\t\t\t<\/div>\n\t\t\t\t<\/div>\n\t\t\t\t<div data-dce-text-color=\"#848484\" class=\"elementor-element elementor-element-4527d66 elementor-widget elementor-widget-text-editor\" data-id=\"4527d66\" data-element_type=\"widget\" data-e-type=\"widget\" data-widget_type=\"text-editor.default\">\n\t\t\t\t<div class=\"elementor-widget-container\">\n\t\t\t\t\t\t\t\t\tLe march\u00e9 de Lisala, r\u00e9nov\u00e9 par Jeanine Mabunda, octobre 2021.\t\t\t\t\t\t\t\t<\/div>\n\t\t\t\t<\/div>\n\t\t\t\t\t<\/div>\n\t\t<\/div>\n\t\t\t\t\t<\/div>\n\t\t<\/section>\n\t\t\t\t\t<\/div>\n\t\t<\/div>\n\t\t\t\t<div class=\"elementor-column elementor-col-33 elementor-top-column elementor-element elementor-element-f131579\" data-id=\"f131579\" data-element_type=\"column\" data-e-type=\"column\">\n\t\t\t<div class=\"elementor-widget-wrap elementor-element-populated\">\n\t\t\t\t\t\t<section class=\"elementor-section elementor-inner-section elementor-element elementor-element-62545da elementor-section-boxed elementor-section-height-default elementor-section-height-default elementor-invisible\" data-id=\"62545da\" data-element_type=\"section\" data-e-type=\"section\" data-settings=\"{&quot;animation&quot;:&quot;fadeIn&quot;}\">\n\t\t\t\t\t\t<div class=\"elementor-container elementor-column-gap-default\">\n\t\t\t\t\t<div data-dce-background-color=\"#FFFFFF\" class=\"elementor-column elementor-col-100 elementor-inner-column elementor-element elementor-element-8a3f463\" data-id=\"8a3f463\" data-element_type=\"column\" data-e-type=\"column\" data-settings=\"{&quot;background_background&quot;:&quot;classic&quot;}\">\n\t\t\t<div class=\"elementor-widget-wrap elementor-element-populated\">\n\t\t\t\t\t\t<div class=\"elementor-element elementor-element-f600fa5 elementor-widget elementor-widget-image\" data-id=\"f600fa5\" data-element_type=\"widget\" data-e-type=\"widget\" data-widget_type=\"image.default\">\n\t\t\t\t<div class=\"elementor-widget-container\">\n\t\t\t\t\t\t\t\t\t\t\t\t\t\t\t<img decoding=\"async\" width=\"800\" height=\"534\" src=\"https:\/\/jeaninemabunda.com\/wp-content\/uploads\/2021\/12\/PHOTO-2021-11-16-21-11-58-1024x683.jpg\" class=\"attachment-large size-large wp-image-1259\" alt=\"\" srcset=\"https:\/\/jeaninemabunda.com\/wp-content\/uploads\/2021\/12\/PHOTO-2021-11-16-21-11-58-1024x683.jpg 1024w, https:\/\/jeaninemabunda.com\/wp-content\/uploads\/2021\/12\/PHOTO-2021-11-16-21-11-58-300x200.jpg 300w, https:\/\/jeaninemabunda.com\/wp-content\/uploads\/2021\/12\/PHOTO-2021-11-16-21-11-58-768x512.jpg 768w, https:\/\/jeaninemabunda.com\/wp-content\/uploads\/2021\/12\/PHOTO-2021-11-16-21-11-58-18x12.jpg 18w, https:\/\/jeaninemabunda.com\/wp-content\/uploads\/2021\/12\/PHOTO-2021-11-16-21-11-58.jpg 1080w\" sizes=\"(max-width: 800px) 100vw, 800px\" \/>\t\t\t\t\t\t\t\t\t\t\t\t\t\t\t<\/div>\n\t\t\t\t<\/div>\n\t\t\t\t<div data-dce-text-color=\"#848484\" class=\"elementor-element elementor-element-be71817 elementor-widget elementor-widget-text-editor\" data-id=\"be71817\" data-element_type=\"widget\" data-e-type=\"widget\" data-widget_type=\"text-editor.default\">\n\t\t\t\t<div class=\"elementor-widget-container\">\n\t\t\t\t\t\t\t\t\tJeanine Mabunda fait un don aux femmes de B\u00e9ni, mars 2020.\t\t\t\t\t\t\t\t<\/div>\n\t\t\t\t<\/div>\n\t\t\t\t\t<\/div>\n\t\t<\/div>\n\t\t\t\t\t<\/div>\n\t\t<\/section>\n\t\t\t\t\t<\/div>\n\t\t<\/div>\n\t\t\t\t\t<\/div>\n\t\t<\/section>\n\t\t\t\t<section class=\"elementor-section elementor-top-section elementor-element elementor-element-0f061cb elementor-reverse-tablet elementor-reverse-mobile elementor-section-boxed elementor-section-height-default elementor-section-height-default elementor-invisible\" data-id=\"0f061cb\" data-element_type=\"section\" data-e-type=\"section\" data-settings=\"{&quot;background_background&quot;:&quot;classic&quot;,&quot;animation&quot;:&quot;fadeIn&quot;}\">\n\t\t\t\t\t\t\t<div class=\"elementor-background-overlay\"><\/div>\n\t\t\t\t\t\t\t<div class=\"elementor-container elementor-column-gap-default\">\n\t\t\t\t\t<div data-dce-background-color=\"#FFFFFF\" class=\"elementor-column elementor-col-100 elementor-top-column elementor-element elementor-element-8972c77\" data-id=\"8972c77\" data-element_type=\"column\" data-e-type=\"column\" data-settings=\"{&quot;background_background&quot;:&quot;classic&quot;}\">\n\t\t\t<div class=\"elementor-widget-wrap elementor-element-populated\">\n\t\t\t\t\t\t<div class=\"elementor-element elementor-element-e52c2f5 elementor-drop-cap-yes elementor-drop-cap-view-framed elementor-widget elementor-widget-text-editor\" data-id=\"e52c2f5\" data-element_type=\"widget\" data-e-type=\"widget\" data-settings=\"{&quot;drop_cap&quot;:&quot;yes&quot;}\" data-widget_type=\"text-editor.default\">\n\t\t\t\t<div class=\"elementor-widget-container\">\n\t\t\t\t\t\t\t\t\t<p>En 2016 , Jeanine Mabunda cr\u00e9e, avec Eric Chinje, la fondation \u2018Briser le silence\u2019, dont la vocation est de soutenir des projets sociaux et communautaires en R\u00e9publique d\u00e9mocratique du Congo.<\/p><p>Depuis, la fondation a mis en \u0153uvre de nombreux projets d'infrastructure dans ces r\u00e9gions, notamment:<\/p><ul><li aria-level=\"2\">La r\u00e9novation du pont Molua, une liaison vitale pour le commerce, les biens et les services \u00e0 Lisala.<\/li><\/ul><ul><li aria-level=\"2\">La r\u00e9paration de la route Manga et de l\u2019avenue Bumba (2015-2017), des art\u00e8res qui n\u2019avaient pas \u00e9t\u00e9 r\u00e9nov\u00e9es depuis les ann\u00e9es 1960 et 1970<\/li><\/ul><ul><li aria-level=\"2\">Mama Yemo et Route Fleuve (2020-2021) .\u00a0<\/li><\/ul><p>La fondation Briser le Silence a \u00e9galement mis en place des projets de production d'\u00e9lectricit\u00e9 et de pompes \u00e0 eau:<\/p><ul><li aria-level=\"2\">En 2019, un projet a permis de fournir de l'eau \u00e0 la communaut\u00e9 jusqu'\u00e0 l'\u00e9glise de Mamawa Bosawa \u00e0 Kinshasa<\/li><\/ul><ul><li aria-level=\"2\">En 2020, des panneaux solaires ont \u00e9t\u00e9 install\u00e9s au Camp Luka, \u00e0 Kinshasa, ainsi que des pompes \u00e0 eau.<\/li><\/ul><p>La fondation accompagne \u00e9galement les projets de micro-entreprise ou de start-up:<\/p><ul><li aria-level=\"2\">Pridi Business : Cette entreprise transforme le fruit \u00e0 pain en farine pour la boulangerie et la p\u00e2tisserie. La farine obtenue est sans gluten. Le fruit \u00e0 pain est riche en glucides et une bonne source d'antioxydants, de calcium, de carot\u00e9no\u00efdes, de cuivre, de fibres alimentaires, d'\u00e9nergie, de fer, de magn\u00e9sium, de niacine, d'om\u00e9ga 3, d'om\u00e9ga 6, de phosphore, de potassium, de prot\u00e9ines, de thiamine, de vitamine A et de vitamine C.<\/li><\/ul><ul><li aria-level=\"2\">Le Bulbe :  Situ\u00e9e dans la zone agricole de la commune de Maluku, cette jeune entreprise agricole, sp\u00e9cialis\u00e9e dans la production de l\u00e9gumes, peut d\u00e9j\u00e0 produire 40 tonnes de l\u00e9gumes par an.<\/li><\/ul><ul><li aria-level=\"2\">Recoplast : Cette soci\u00e9t\u00e9 r\u00e9duit les d\u00e9chets plastiques en les transformant en granul\u00e9s qui sont ensuite utilis\u00e9s pour fabriquer des chaises et des tables \u00e9cologiques et durables pour les \u00e9coles.<\/li><li aria-level=\"2\">\u00a0LukaPharma : Cette application mobile fournit des indications sur la pharmacie la plus proche qui dispose de vos produits en stock. Il est possible de payer via l'application et d'organiser la livraison<\/li><\/ul><p>D'autres projets sont en cours ou en pr\u00e9paration, notamment des bourses d'\u00e9tudes \u00e0 Akula, la construction d'une \u00e9cole \u00e0 Mbandaka et la construction d'un h\u00f4pital et d'une maternit\u00e9 \u00e0 Gbadolite et Gemena.<\/p>\t\t\t\t\t\t\t\t<\/div>\n\t\t\t\t<\/div>\n\t\t\t\t\t<\/div>\n\t\t<\/div>\n\t\t\t\t\t<\/div>\n\t\t<\/section>\n\t\t\t\t<\/div>","protected":false},"excerpt":{"rendered":"<p>Break the Silence Foundation Hon. JML, during the 2019 Christmas ceremony at the National&nbsp;Assembly. A view of Lisala Market, rehabilitated by Hon. JML, October&nbsp;2021. Donation from Hon. JML to the women of Beni, March&nbsp;2020. In 2015\/16, Jeanine Mabunda founded the Break the Silence Foundation alongside Eric Chinje. The foundation was set up to specialise on [&hellip;]<\/p>\n","protected":false},"author":1,"featured_media":1073,"parent":0,"menu_order":0,"comment_status":"closed","ping_status":"closed","template":"","meta":{"_acf_changed":false,"footnotes":""},"class_list":["post-19","page","type-page","status-publish","has-post-thumbnail","hentry"],"acf":[],"_links":{"self":[{"href":"https:\/\/jeaninemabunda.com\/fr\/wp-json\/wp\/v2\/pages\/19","targetHints":{"allow":["GET"]}}],"collection":[{"href":"https:\/\/jeaninemabunda.com\/fr\/wp-json\/wp\/v2\/pages"}],"about":[{"href":"https:\/\/jeaninemabunda.com\/fr\/wp-json\/wp\/v2\/types\/page"}],"author":[{"embeddable":true,"href":"https:\/\/jeaninemabunda.com\/fr\/wp-json\/wp\/v2\/users\/1"}],"replies":[{"embeddable":true,"href":"https:\/\/jeaninemabunda.com\/fr\/wp-json\/wp\/v2\/comments?post=19"}],"version-history":[{"count":3,"href":"https:\/\/jeaninemabunda.com\/fr\/wp-json\/wp\/v2\/pages\/19\/revisions"}],"predecessor-version":[{"id":2958,"href":"https:\/\/jeaninemabunda.com\/fr\/wp-json\/wp\/v2\/pages\/19\/revisions\/2958"}],"wp:featuredmedia":[{"embeddable":true,"href":"https:\/\/jeaninemabunda.com\/fr\/wp-json\/wp\/v2\/media\/1073"}],"wp:attachment":[{"href":"https:\/\/jeaninemabunda.com\/fr\/wp-json\/wp\/v2\/media?parent=19"}],"curies":[{"name":"wp","href":"https:\/\/api.w.org\/{rel}","templated":true}]}}