{"id":17,"date":"2019-03-15T00:29:31","date_gmt":"2019-03-15T00:29:31","guid":{"rendered":"https:\/\/jeaninemabunda.com\/?page_id=17"},"modified":"2022-07-19T14:53:56","modified_gmt":"2022-07-19T14:53:56","slug":"memberofparliament","status":"publish","type":"page","link":"https:\/\/jeaninemabunda.com\/fr\/memberofparliament\/","title":{"rendered":"D\u00e9put\u00e9e \/ Circonscription"},"content":{"rendered":"<div data-elementor-type=\"wp-page\" data-elementor-id=\"17\" class=\"elementor elementor-17\" data-elementor-post-type=\"page\">\n\t\t\t\t\t\t<section data-dce-background-color=\"#00000000\" data-dce-background-overlay-color=\"#000000\" class=\"elementor-section elementor-top-section elementor-element elementor-element-3d03484 elementor-section-full_width elementor-section-height-min-height elementor-section-items-stretch elementor-section-content-space-between elementor-section-stretched elementor-section-height-default\" data-id=\"3d03484\" data-element_type=\"section\" data-e-type=\"section\" data-settings=\"{&quot;background_background&quot;:&quot;classic&quot;,&quot;stretch_section&quot;:&quot;section-stretched&quot;}\">\n\t\t\t\t\t\t\t<div class=\"elementor-background-overlay\"><\/div>\n\t\t\t\t\t\t\t<div class=\"elementor-container elementor-column-gap-default\">\n\t\t\t\t\t<div class=\"elementor-column elementor-col-100 elementor-top-column elementor-element elementor-element-2610a64\" data-id=\"2610a64\" data-element_type=\"column\" data-e-type=\"column\">\n\t\t\t<div class=\"elementor-widget-wrap elementor-element-populated\">\n\t\t\t\t\t\t<section class=\"elementor-section elementor-inner-section elementor-element elementor-element-8ba0f72 elementor-section-boxed elementor-section-height-default elementor-section-height-default\" data-id=\"8ba0f72\" data-element_type=\"section\" data-e-type=\"section\">\n\t\t\t\t\t\t<div class=\"elementor-container elementor-column-gap-default\">\n\t\t\t\t\t<div class=\"elementor-column elementor-col-100 elementor-inner-column elementor-element elementor-element-9e11066\" data-id=\"9e11066\" data-element_type=\"column\" data-e-type=\"column\">\n\t\t\t<div class=\"elementor-widget-wrap elementor-element-populated\">\n\t\t\t\t\t\t<div data-dce-title-color=\"#FFFFFF\" class=\"elementor-element elementor-element-2ad7607 animated-fast elementor-invisible elementor-widget elementor-widget-theme-post-title elementor-page-title elementor-widget-heading\" data-id=\"2ad7607\" data-element_type=\"widget\" data-e-type=\"widget\" data-settings=\"{&quot;_animation&quot;:&quot;fadeInDown&quot;}\" data-widget_type=\"theme-post-title.default\">\n\t\t\t\t<div class=\"elementor-widget-container\">\n\t\t\t\t\t<h1 class=\"elementor-heading-title elementor-size-default\">D\u00e9put\u00e9e \/ Circonscription<\/h1>\t\t\t\t<\/div>\n\t\t\t\t<\/div>\n\t\t\t\t\t<\/div>\n\t\t<\/div>\n\t\t\t\t\t<\/div>\n\t\t<\/section>\n\t\t\t\t\t<\/div>\n\t\t<\/div>\n\t\t\t\t\t<\/div>\n\t\t<\/section>\n\t\t\t\t<section class=\"elementor-section elementor-top-section elementor-element elementor-element-2bd34a8 elementor-section-boxed elementor-section-height-default elementor-section-height-default elementor-invisible\" data-id=\"2bd34a8\" data-element_type=\"section\" data-e-type=\"section\" data-settings=\"{&quot;animation&quot;:&quot;fadeIn&quot;}\">\n\t\t\t\t\t\t<div class=\"elementor-container elementor-column-gap-default\">\n\t\t\t\t\t<div class=\"elementor-column elementor-col-100 elementor-top-column elementor-element elementor-element-b4a5bdb\" data-id=\"b4a5bdb\" data-element_type=\"column\" data-e-type=\"column\">\n\t\t\t<div class=\"elementor-widget-wrap elementor-element-populated\">\n\t\t\t\t\t\t<div data-dce-text-color=\"#000000\" class=\"elementor-element elementor-element-6dbbffe elementor-widget-divider--view-line_text elementor-widget-divider--separator-type-pattern elementor-widget-divider--element-align-center elementor-widget elementor-widget-divider\" data-id=\"6dbbffe\" data-element_type=\"widget\" data-e-type=\"widget\" data-widget_type=\"divider.default\">\n\t\t\t\t<div class=\"elementor-widget-container\">\n\t\t\t\t\t\t\t<div class=\"elementor-divider\" style=\"--divider-pattern-url: url(&quot;data:image\/svg+xml,%3Csvg xmlns=&#039;http:\/\/www.w3.org\/2000\/svg&#039; preserveAspectRatio=&#039;none&#039; overflow=&#039;visible&#039; height=&#039;100%&#039; viewBox=&#039;0 0 20 16&#039; fill=&#039;none&#039; stroke=&#039;black&#039; stroke-width=&#039;1&#039; stroke-linecap=&#039;square&#039; stroke-miterlimit=&#039;10&#039;%3E%3Cg transform=&#039;translate(-12.000000, 0)&#039;%3E%3Cpath d=&#039;M28,0L10,18&#039;\/%3E%3Cpath d=&#039;M18,0L0,18&#039;\/%3E%3Cpath d=&#039;M48,0L30,18&#039;\/%3E%3Cpath d=&#039;M38,0L20,18&#039;\/%3E%3C\/g%3E%3C\/svg%3E&quot;);\">\n\t\t\t<span class=\"elementor-divider-separator\">\n\t\t\t\t\t\t\t<span class=\"elementor-divider__text elementor-divider__element\">\n\t\t\t\t\u00c9lection \u00e0 l\u2019Assembl\u00e9e nationale\t\t\t\t<\/span>\n\t\t\t\t\t\t<\/span>\n\t\t<\/div>\n\t\t\t\t\t\t<\/div>\n\t\t\t\t<\/div>\n\t\t\t\t\t<\/div>\n\t\t<\/div>\n\t\t\t\t\t<\/div>\n\t\t<\/section>\n\t\t\t\t<section class=\"elementor-section elementor-top-section elementor-element elementor-element-f8e2981 elementor-section-boxed elementor-section-height-default elementor-section-height-default elementor-invisible\" data-id=\"f8e2981\" data-element_type=\"section\" data-e-type=\"section\" data-settings=\"{&quot;background_background&quot;:&quot;classic&quot;,&quot;animation&quot;:&quot;fadeIn&quot;}\">\n\t\t\t\t\t\t\t<div class=\"elementor-background-overlay\"><\/div>\n\t\t\t\t\t\t\t<div class=\"elementor-container elementor-column-gap-default\">\n\t\t\t\t\t<div data-dce-background-color=\"#FFFFFF\" class=\"elementor-column elementor-col-66 elementor-top-column elementor-element elementor-element-820bd80\" data-id=\"820bd80\" data-element_type=\"column\" data-e-type=\"column\" data-settings=\"{&quot;background_background&quot;:&quot;classic&quot;}\">\n\t\t\t<div class=\"elementor-widget-wrap elementor-element-populated\">\n\t\t\t\t\t\t<div class=\"elementor-element elementor-element-b17ae43 elementor-drop-cap-yes elementor-drop-cap-view-framed elementor-widget elementor-widget-text-editor\" data-id=\"b17ae43\" data-element_type=\"widget\" data-e-type=\"widget\" data-settings=\"{&quot;drop_cap&quot;:&quot;yes&quot;}\" data-widget_type=\"text-editor.default\">\n\t\t\t\t<div class=\"elementor-widget-container\">\n\t\t\t\t\t\t\t\t\t<p>Jeanine Mabunda est \u00e9lue \u00e0 l'Assembl\u00e9e nationale en tant que d\u00e9put\u00e9e de Bumba, province de Mongala, \u00c9quateur en 2011, puis r\u00e9\u00e9lue en 2018. <i>\u00c9quateur <\/i>in 2011 and then re-elected in 2018.<\/p><p>Bumba est une r\u00e9gion rurale, bord\u00e9e par un fleuve. On y trouve principalement des terres agricoles ainsi que de la for\u00eat tropicale. La r\u00e9gion est r\u00e9put\u00e9e pour la production de riz, d'huile de palme, de cacao et de caf\u00e9.<\/p><p>Jeanine Mabunda se fixe pour objectif de rendre les d\u00e9placements plus faciles et plus s\u00fbrs dans sa circonscription. Ainsi, elle fait construire de nouvelles routes, d\u00e9veloppe les liaisons au sein de la province et avec les autres r\u00e9gions, et am\u00e9liore l\u2019acc\u00e8s \u00e0 l'\u00e9lectricit\u00e9 dans la r\u00e9gion.<\/p><p>Elle s'efforce \u00e9galement d'attirer des investisseurs internes et externes dans la r\u00e9gion, d'accro\u00eetre l'autonomie du commerce r\u00e9gional et d'am\u00e9liorer l'inclusion financi\u00e8re en facilitant l'acc\u00e8s aux banques.<\/p>\t\t\t\t\t\t\t\t<\/div>\n\t\t\t\t<\/div>\n\t\t\t\t\t<\/div>\n\t\t<\/div>\n\t\t\t\t<div class=\"elementor-column elementor-col-33 elementor-top-column elementor-element elementor-element-41846cf\" data-id=\"41846cf\" data-element_type=\"column\" data-e-type=\"column\">\n\t\t\t<div class=\"elementor-widget-wrap elementor-element-populated\">\n\t\t\t\t\t\t<section class=\"elementor-section elementor-inner-section elementor-element elementor-element-142dcc6 elementor-section-boxed elementor-section-height-default elementor-section-height-default elementor-invisible\" data-id=\"142dcc6\" data-element_type=\"section\" data-e-type=\"section\" data-settings=\"{&quot;animation&quot;:&quot;fadeIn&quot;}\">\n\t\t\t\t\t\t<div class=\"elementor-container elementor-column-gap-default\">\n\t\t\t\t\t<div data-dce-background-color=\"#FFFFFF\" class=\"elementor-column elementor-col-100 elementor-inner-column elementor-element elementor-element-cd7e053\" data-id=\"cd7e053\" data-element_type=\"column\" data-e-type=\"column\" data-settings=\"{&quot;background_background&quot;:&quot;classic&quot;}\">\n\t\t\t<div class=\"elementor-widget-wrap elementor-element-populated\">\n\t\t\t\t\t\t<div class=\"elementor-element elementor-element-855ac5d elementor-widget elementor-widget-image\" data-id=\"855ac5d\" data-element_type=\"widget\" data-e-type=\"widget\" data-widget_type=\"image.default\">\n\t\t\t\t<div class=\"elementor-widget-container\">\n\t\t\t\t\t\t\t\t\t\t\t\t\t\t\t<img fetchpriority=\"high\" decoding=\"async\" width=\"800\" height=\"534\" src=\"https:\/\/jeaninemabunda.com\/wp-content\/uploads\/2021\/12\/PHOTO-2021-11-15-10-48-33-2-1024x683.jpg\" class=\"attachment-large size-large wp-image-1249\" alt=\"\" srcset=\"https:\/\/jeaninemabunda.com\/wp-content\/uploads\/2021\/12\/PHOTO-2021-11-15-10-48-33-2-1024x683.jpg 1024w, https:\/\/jeaninemabunda.com\/wp-content\/uploads\/2021\/12\/PHOTO-2021-11-15-10-48-33-2-300x200.jpg 300w, https:\/\/jeaninemabunda.com\/wp-content\/uploads\/2021\/12\/PHOTO-2021-11-15-10-48-33-2-768x512.jpg 768w, https:\/\/jeaninemabunda.com\/wp-content\/uploads\/2021\/12\/PHOTO-2021-11-15-10-48-33-2-18x12.jpg 18w, https:\/\/jeaninemabunda.com\/wp-content\/uploads\/2021\/12\/PHOTO-2021-11-15-10-48-33-2.jpg 1080w\" sizes=\"(max-width: 800px) 100vw, 800px\" \/>\t\t\t\t\t\t\t\t\t\t\t\t\t\t\t<\/div>\n\t\t\t\t<\/div>\n\t\t\t\t<div data-dce-text-color=\"#848484\" class=\"elementor-element elementor-element-95d9277 elementor-widget elementor-widget-text-editor\" data-id=\"95d9277\" data-element_type=\"widget\" data-e-type=\"widget\" data-widget_type=\"text-editor.default\">\n\t\t\t\t<div class=\"elementor-widget-container\">\n\t\t\t\t\t\t\t\t\tF\u00eate de No\u00ebl 2019 \u00e0 l\u2019Assembl\u00e9e nationale.\t\t\t\t\t\t\t\t<\/div>\n\t\t\t\t<\/div>\n\t\t\t\t\t<\/div>\n\t\t<\/div>\n\t\t\t\t\t<\/div>\n\t\t<\/section>\n\t\t\t\t\t<\/div>\n\t\t<\/div>\n\t\t\t\t\t<\/div>\n\t\t<\/section>\n\t\t\t\t<section class=\"elementor-section elementor-top-section elementor-element elementor-element-bc4d45a elementor-section-boxed elementor-section-height-default elementor-section-height-default elementor-invisible\" data-id=\"bc4d45a\" data-element_type=\"section\" data-e-type=\"section\" data-settings=\"{&quot;animation&quot;:&quot;fadeIn&quot;}\">\n\t\t\t\t\t\t<div class=\"elementor-container elementor-column-gap-default\">\n\t\t\t\t\t<div class=\"elementor-column elementor-col-100 elementor-top-column elementor-element elementor-element-43f32bf\" data-id=\"43f32bf\" data-element_type=\"column\" data-e-type=\"column\">\n\t\t\t<div class=\"elementor-widget-wrap elementor-element-populated\">\n\t\t\t\t\t\t<div data-dce-text-color=\"#000000\" class=\"elementor-element elementor-element-84c2acf elementor-widget-divider--view-line_text elementor-widget-divider--separator-type-pattern elementor-widget-divider--element-align-center elementor-widget elementor-widget-divider\" data-id=\"84c2acf\" data-element_type=\"widget\" data-e-type=\"widget\" data-widget_type=\"divider.default\">\n\t\t\t\t<div class=\"elementor-widget-container\">\n\t\t\t\t\t\t\t<div class=\"elementor-divider\" style=\"--divider-pattern-url: url(&quot;data:image\/svg+xml,%3Csvg xmlns=&#039;http:\/\/www.w3.org\/2000\/svg&#039; preserveAspectRatio=&#039;none&#039; overflow=&#039;visible&#039; height=&#039;100%&#039; viewBox=&#039;0 0 20 16&#039; fill=&#039;none&#039; stroke=&#039;black&#039; stroke-width=&#039;1&#039; stroke-linecap=&#039;square&#039; stroke-miterlimit=&#039;10&#039;%3E%3Cg transform=&#039;translate(-12.000000, 0)&#039;%3E%3Cpath d=&#039;M28,0L10,18&#039;\/%3E%3Cpath d=&#039;M18,0L0,18&#039;\/%3E%3Cpath d=&#039;M48,0L30,18&#039;\/%3E%3Cpath d=&#039;M38,0L20,18&#039;\/%3E%3C\/g%3E%3C\/svg%3E&quot;);\">\n\t\t\t<span class=\"elementor-divider-separator\">\n\t\t\t\t\t\t\t<span class=\"elementor-divider__text elementor-divider__element\">\n\t\t\t\tEngagement politique \t\t\t\t<\/span>\n\t\t\t\t\t\t<\/span>\n\t\t<\/div>\n\t\t\t\t\t\t<\/div>\n\t\t\t\t<\/div>\n\t\t\t\t\t<\/div>\n\t\t<\/div>\n\t\t\t\t\t<\/div>\n\t\t<\/section>\n\t\t\t\t<section class=\"elementor-section elementor-top-section elementor-element elementor-element-98e8880 elementor-reverse-tablet elementor-reverse-mobile elementor-section-boxed elementor-section-height-default elementor-section-height-default elementor-invisible\" data-id=\"98e8880\" data-element_type=\"section\" data-e-type=\"section\" data-settings=\"{&quot;background_background&quot;:&quot;classic&quot;,&quot;animation&quot;:&quot;fadeIn&quot;}\">\n\t\t\t\t\t\t\t<div class=\"elementor-background-overlay\"><\/div>\n\t\t\t\t\t\t\t<div class=\"elementor-container elementor-column-gap-default\">\n\t\t\t\t\t<div class=\"elementor-column elementor-col-33 elementor-top-column elementor-element elementor-element-ab3b731\" data-id=\"ab3b731\" data-element_type=\"column\" data-e-type=\"column\">\n\t\t\t<div class=\"elementor-widget-wrap elementor-element-populated\">\n\t\t\t\t\t\t<section class=\"elementor-section elementor-inner-section elementor-element elementor-element-2026e58 elementor-section-boxed elementor-section-height-default elementor-section-height-default elementor-invisible\" data-id=\"2026e58\" data-element_type=\"section\" data-e-type=\"section\" data-settings=\"{&quot;animation&quot;:&quot;fadeIn&quot;}\">\n\t\t\t\t\t\t<div class=\"elementor-container elementor-column-gap-default\">\n\t\t\t\t\t<div data-dce-background-color=\"#FFFFFF\" class=\"elementor-column elementor-col-100 elementor-inner-column elementor-element elementor-element-83ef661\" data-id=\"83ef661\" data-element_type=\"column\" data-e-type=\"column\" data-settings=\"{&quot;background_background&quot;:&quot;classic&quot;}\">\n\t\t\t<div class=\"elementor-widget-wrap elementor-element-populated\">\n\t\t\t\t\t\t<div class=\"elementor-element elementor-element-8e54ea2 elementor-widget elementor-widget-image\" data-id=\"8e54ea2\" data-element_type=\"widget\" data-e-type=\"widget\" data-widget_type=\"image.default\">\n\t\t\t\t<div class=\"elementor-widget-container\">\n\t\t\t\t\t\t\t\t\t\t\t\t\t\t\t<img decoding=\"async\" width=\"800\" height=\"450\" src=\"https:\/\/jeaninemabunda.com\/wp-content\/uploads\/2021\/12\/Page_MP-Image-1-1024x576.jpg\" class=\"attachment-large size-large wp-image-1268\" alt=\"\" srcset=\"https:\/\/jeaninemabunda.com\/wp-content\/uploads\/2021\/12\/Page_MP-Image-1-1024x576.jpg 1024w, https:\/\/jeaninemabunda.com\/wp-content\/uploads\/2021\/12\/Page_MP-Image-1-300x169.jpg 300w, https:\/\/jeaninemabunda.com\/wp-content\/uploads\/2021\/12\/Page_MP-Image-1-768x432.jpg 768w, https:\/\/jeaninemabunda.com\/wp-content\/uploads\/2021\/12\/Page_MP-Image-1-18x10.jpg 18w, https:\/\/jeaninemabunda.com\/wp-content\/uploads\/2021\/12\/Page_MP-Image-1.jpg 1080w\" sizes=\"(max-width: 800px) 100vw, 800px\" \/>\t\t\t\t\t\t\t\t\t\t\t\t\t\t\t<\/div>\n\t\t\t\t<\/div>\n\t\t\t\t<div data-dce-text-color=\"#848484\" class=\"elementor-element elementor-element-927f925 elementor-widget elementor-widget-text-editor\" data-id=\"927f925\" data-element_type=\"widget\" data-e-type=\"widget\" data-widget_type=\"text-editor.default\">\n\t\t\t\t<div class=\"elementor-widget-container\">\n\t\t\t\t\t\t\t\t\tVisite de l\u2019\u00c9quateur, Gemena, en octobre 2021.\t\t\t\t\t\t\t\t<\/div>\n\t\t\t\t<\/div>\n\t\t\t\t\t<\/div>\n\t\t<\/div>\n\t\t\t\t\t<\/div>\n\t\t<\/section>\n\t\t\t\t\t<\/div>\n\t\t<\/div>\n\t\t\t\t<div data-dce-background-color=\"#FFFFFF\" class=\"elementor-column elementor-col-66 elementor-top-column elementor-element elementor-element-6de8a83\" data-id=\"6de8a83\" data-element_type=\"column\" data-e-type=\"column\" data-settings=\"{&quot;background_background&quot;:&quot;classic&quot;}\">\n\t\t\t<div class=\"elementor-widget-wrap elementor-element-populated\">\n\t\t\t\t\t\t<div class=\"elementor-element elementor-element-54ca2b6 elementor-drop-cap-yes elementor-drop-cap-view-framed elementor-widget elementor-widget-text-editor\" data-id=\"54ca2b6\" data-element_type=\"widget\" data-e-type=\"widget\" data-settings=\"{&quot;drop_cap&quot;:&quot;yes&quot;}\" data-widget_type=\"text-editor.default\">\n\t\t\t\t<div class=\"elementor-widget-container\">\n\t\t\t\t\t\t\t\t\t<p>Depuis qu\u2019elle a \u00e9t\u00e9 \u00e9lue d\u00e9put\u00e9e de Bumba en 2011, Jeanine Mabunda a travaill\u00e9 sans rel\u00e2che pour les personnes qu'elle repr\u00e9sente. Au niveau local, elle s'est attach\u00e9e \u00e0 am\u00e9liorer les infrastructures locales et \u00e0 faire en sorte que tous les habitants de sa circonscription aient acc\u00e8s \u00e0 l'eau potable et \u00e0 l'\u00e9lectricit\u00e9. Des pompes \u00e0 eau manuelles ont \u00e9t\u00e9 install\u00e9es et le projet d'installation d'\u00e9nergie solaire et de cr\u00e9ation d'un r\u00e9seau \u00e9lectrique se poursuit.<\/p><p>L'am\u00e9lioration des infrastructures locales comprend la remise en \u00e9tat des routes principales, notamment le pont Molua qui m\u00e8ne \u00e0 Lisala (la capitale de la province de Mongala). Ce pont constitue une liaison essentielle \u00e0 Lisala, le seul autre acc\u00e8s principal pour le commerce de marchandises \u00e9tant le fleuve Congo.<\/p><p>En 2019, Jeanine Mabunda prend des initiatives pour accro\u00eetre l'inclusion financi\u00e8re et r\u00e9gulariser dans une certaine mesure l'\u00e9conomie locale en faisant venir Rawbank, l'une des plus grandes banques de la R\u00e9publique d\u00e9mocratique du Congo, dans la province.\u00a0<\/p><p>Le gouvernement central ne mettant pas suffisamment d'argent \u00e0 disposition pour r\u00e9aliser des projets importants, Jeanine Mabunda s'efforce de mobiliser des fonds elle-m\u00eame et cherche \u00e9galement \u00e0 \u00e9tablir des partenariats avec des soci\u00e9t\u00e9s internationales afin de permettre la construction d'infrastructures essentielles.<\/p>\t\t\t\t\t\t\t\t<\/div>\n\t\t\t\t<\/div>\n\t\t\t\t\t<\/div>\n\t\t<\/div>\n\t\t\t\t\t<\/div>\n\t\t<\/section>\n\t\t\t\t<section class=\"elementor-section elementor-top-section elementor-element elementor-element-cab5fca elementor-section-boxed elementor-section-height-default elementor-section-height-default elementor-invisible\" data-id=\"cab5fca\" data-element_type=\"section\" data-e-type=\"section\" data-settings=\"{&quot;animation&quot;:&quot;fadeIn&quot;}\">\n\t\t\t\t\t\t<div class=\"elementor-container elementor-column-gap-default\">\n\t\t\t\t\t<div class=\"elementor-column elementor-col-100 elementor-top-column elementor-element elementor-element-437e032\" data-id=\"437e032\" data-element_type=\"column\" data-e-type=\"column\">\n\t\t\t<div class=\"elementor-widget-wrap elementor-element-populated\">\n\t\t\t\t\t\t<div data-dce-text-color=\"#000000\" class=\"elementor-element elementor-element-25412d5 elementor-widget-divider--view-line_text elementor-widget-divider--separator-type-pattern elementor-widget-divider--element-align-center elementor-widget elementor-widget-divider\" data-id=\"25412d5\" data-element_type=\"widget\" data-e-type=\"widget\" data-widget_type=\"divider.default\">\n\t\t\t\t<div class=\"elementor-widget-container\">\n\t\t\t\t\t\t\t<div class=\"elementor-divider\" style=\"--divider-pattern-url: url(&quot;data:image\/svg+xml,%3Csvg xmlns=&#039;http:\/\/www.w3.org\/2000\/svg&#039; preserveAspectRatio=&#039;none&#039; overflow=&#039;visible&#039; height=&#039;100%&#039; viewBox=&#039;0 0 20 16&#039; fill=&#039;none&#039; stroke=&#039;black&#039; stroke-width=&#039;1&#039; stroke-linecap=&#039;square&#039; stroke-miterlimit=&#039;10&#039;%3E%3Cg transform=&#039;translate(-12.000000, 0)&#039;%3E%3Cpath d=&#039;M28,0L10,18&#039;\/%3E%3Cpath d=&#039;M18,0L0,18&#039;\/%3E%3Cpath d=&#039;M48,0L30,18&#039;\/%3E%3Cpath d=&#039;M38,0L20,18&#039;\/%3E%3C\/g%3E%3C\/svg%3E&quot;);\">\n\t\t\t<span class=\"elementor-divider-separator\">\n\t\t\t\t\t\t\t<span class=\"elementor-divider__text elementor-divider__element\">\n\t\t\t\tInfluence internationale\t\t\t\t<\/span>\n\t\t\t\t\t\t<\/span>\n\t\t<\/div>\n\t\t\t\t\t\t<\/div>\n\t\t\t\t<\/div>\n\t\t\t\t\t<\/div>\n\t\t<\/div>\n\t\t\t\t\t<\/div>\n\t\t<\/section>\n\t\t\t\t<section class=\"elementor-section elementor-top-section elementor-element elementor-element-15d2e44 elementor-section-boxed elementor-section-height-default elementor-section-height-default elementor-invisible\" data-id=\"15d2e44\" data-element_type=\"section\" data-e-type=\"section\" data-settings=\"{&quot;background_background&quot;:&quot;classic&quot;,&quot;animation&quot;:&quot;fadeIn&quot;}\">\n\t\t\t\t\t\t\t<div class=\"elementor-background-overlay\"><\/div>\n\t\t\t\t\t\t\t<div class=\"elementor-container elementor-column-gap-default\">\n\t\t\t\t\t<div data-dce-background-color=\"#FFFFFF\" class=\"elementor-column elementor-col-66 elementor-top-column elementor-element elementor-element-21e03dc\" data-id=\"21e03dc\" data-element_type=\"column\" data-e-type=\"column\" data-settings=\"{&quot;background_background&quot;:&quot;classic&quot;}\">\n\t\t\t<div class=\"elementor-widget-wrap elementor-element-populated\">\n\t\t\t\t\t\t<div class=\"elementor-element elementor-element-87fcbe6 elementor-drop-cap-yes elementor-drop-cap-view-framed elementor-widget elementor-widget-text-editor\" data-id=\"87fcbe6\" data-element_type=\"widget\" data-e-type=\"widget\" data-settings=\"{&quot;drop_cap&quot;:&quot;yes&quot;}\" data-widget_type=\"text-editor.default\">\n\t\t\t\t<div class=\"elementor-widget-container\">\n\t\t\t\t\t\t\t\t\t<p>Au niveau national, Jeanine \u0153uvre depuis longtemps \u00e0 l'am\u00e9lioration de l'acc\u00e8s aux services pour la population de la RDC ainsi qu'\u00e0 la lutte pour les droits des femmes et l'\u00e9limination des violences sexuelles.<\/p><p>Elle tient \u00e0 repr\u00e9senter la R\u00e9publique d\u00e9mocratique du Congo au niveau international, notamment dans ces domaines. Elle veut apprendre des autres et parler des succ\u00e8s qu'elle a inspir\u00e9s et encourag\u00e9s dans son pays.<\/p><p>Elle est actuellement pr\u00e9sidente de la Ligue des femmes du PPRD.<\/p>\t\t\t\t\t\t\t\t<\/div>\n\t\t\t\t<\/div>\n\t\t\t\t\t<\/div>\n\t\t<\/div>\n\t\t\t\t<div class=\"elementor-column elementor-col-33 elementor-top-column elementor-element elementor-element-76b74b9\" data-id=\"76b74b9\" data-element_type=\"column\" data-e-type=\"column\">\n\t\t\t<div class=\"elementor-widget-wrap elementor-element-populated\">\n\t\t\t\t\t\t<section class=\"elementor-section elementor-inner-section elementor-element elementor-element-e3b8e50 elementor-section-boxed elementor-section-height-default elementor-section-height-default elementor-invisible\" data-id=\"e3b8e50\" data-element_type=\"section\" data-e-type=\"section\" data-settings=\"{&quot;animation&quot;:&quot;fadeIn&quot;}\">\n\t\t\t\t\t\t<div class=\"elementor-container elementor-column-gap-default\">\n\t\t\t\t\t<div data-dce-background-color=\"#FFFFFF\" class=\"elementor-column elementor-col-100 elementor-inner-column elementor-element elementor-element-0a25db3\" data-id=\"0a25db3\" data-element_type=\"column\" data-e-type=\"column\" data-settings=\"{&quot;background_background&quot;:&quot;classic&quot;}\">\n\t\t\t<div class=\"elementor-widget-wrap elementor-element-populated\">\n\t\t\t\t\t\t<div class=\"elementor-element elementor-element-0b93a3e elementor-widget elementor-widget-image\" data-id=\"0b93a3e\" data-element_type=\"widget\" data-e-type=\"widget\" data-widget_type=\"image.default\">\n\t\t\t\t<div class=\"elementor-widget-container\">\n\t\t\t\t\t\t\t\t\t\t\t\t\t\t\t<img decoding=\"async\" width=\"800\" height=\"533\" src=\"https:\/\/jeaninemabunda.com\/wp-content\/uploads\/2021\/12\/WhatsApp-Image-2021-11-17-at-15.03.52-1-1024x682.jpg\" class=\"attachment-large size-large wp-image-1298\" alt=\"\" srcset=\"https:\/\/jeaninemabunda.com\/wp-content\/uploads\/2021\/12\/WhatsApp-Image-2021-11-17-at-15.03.52-1-1024x682.jpg 1024w, https:\/\/jeaninemabunda.com\/wp-content\/uploads\/2021\/12\/WhatsApp-Image-2021-11-17-at-15.03.52-1-300x200.jpg 300w, https:\/\/jeaninemabunda.com\/wp-content\/uploads\/2021\/12\/WhatsApp-Image-2021-11-17-at-15.03.52-1-768x511.jpg 768w, https:\/\/jeaninemabunda.com\/wp-content\/uploads\/2021\/12\/WhatsApp-Image-2021-11-17-at-15.03.52-1-18x12.jpg 18w, https:\/\/jeaninemabunda.com\/wp-content\/uploads\/2021\/12\/WhatsApp-Image-2021-11-17-at-15.03.52-1.jpg 1200w\" sizes=\"(max-width: 800px) 100vw, 800px\" \/>\t\t\t\t\t\t\t\t\t\t\t\t\t\t\t<\/div>\n\t\t\t\t<\/div>\n\t\t\t\t<div data-dce-text-color=\"#848484\" class=\"elementor-element elementor-element-ace59f9 elementor-widget elementor-widget-text-editor\" data-id=\"ace59f9\" data-element_type=\"widget\" data-e-type=\"widget\" data-widget_type=\"text-editor.default\">\n\t\t\t\t<div class=\"elementor-widget-container\">\n\t\t\t\t\t\t\t\t\tJeanine Mabunda, lors d\u2019une conf\u00e9rence de presse \u00e0 l\u2019Assembl\u00e9e nationale.\t\t\t\t\t\t\t\t<\/div>\n\t\t\t\t<\/div>\n\t\t\t\t\t<\/div>\n\t\t<\/div>\n\t\t\t\t\t<\/div>\n\t\t<\/section>\n\t\t\t\t\t<\/div>\n\t\t<\/div>\n\t\t\t\t\t<\/div>\n\t\t<\/section>\n\t\t\t\t<\/div>","protected":false},"excerpt":{"rendered":"<p>National Assembly Election Jeanine was elected to the National Assembly as the Member of Parliament for Bumba, Mongala Province, \u00c9quateur in 2011 and then re-elected in 2018. Bumba is rural area, bordered by the Congo river. The land is mainly agricultural as well as rainforest and the region has a reputation for rice, palm oil, [&hellip;]<\/p>\n","protected":false},"author":1,"featured_media":1073,"parent":0,"menu_order":0,"comment_status":"closed","ping_status":"closed","template":"","meta":{"_acf_changed":false,"footnotes":""},"class_list":["post-17","page","type-page","status-publish","has-post-thumbnail","hentry"],"acf":[],"_links":{"self":[{"href":"https:\/\/jeaninemabunda.com\/fr\/wp-json\/wp\/v2\/pages\/17","targetHints":{"allow":["GET"]}}],"collection":[{"href":"https:\/\/jeaninemabunda.com\/fr\/wp-json\/wp\/v2\/pages"}],"about":[{"href":"https:\/\/jeaninemabunda.com\/fr\/wp-json\/wp\/v2\/types\/page"}],"author":[{"embeddable":true,"href":"https:\/\/jeaninemabunda.com\/fr\/wp-json\/wp\/v2\/users\/1"}],"replies":[{"embeddable":true,"href":"https:\/\/jeaninemabunda.com\/fr\/wp-json\/wp\/v2\/comments?post=17"}],"version-history":[{"count":3,"href":"https:\/\/jeaninemabunda.com\/fr\/wp-json\/wp\/v2\/pages\/17\/revisions"}],"predecessor-version":[{"id":2948,"href":"https:\/\/jeaninemabunda.com\/fr\/wp-json\/wp\/v2\/pages\/17\/revisions\/2948"}],"wp:featuredmedia":[{"embeddable":true,"href":"https:\/\/jeaninemabunda.com\/fr\/wp-json\/wp\/v2\/media\/1073"}],"wp:attachment":[{"href":"https:\/\/jeaninemabunda.com\/fr\/wp-json\/wp\/v2\/media?parent=17"}],"curies":[{"name":"wp","href":"https:\/\/api.w.org\/{rel}","templated":true}]}}